{"id":20607,"date":"2021-01-30T11:33:45","date_gmt":"2021-01-30T11:33:45","guid":{"rendered":"https:\/\/estudiar.vamtam.com\/?page_id=20607"},"modified":"2025-06-30T14:01:07","modified_gmt":"2025-06-30T14:01:07","slug":"faq","status":"publish","type":"page","link":"https:\/\/university-drone.org\/website\/faq\/","title":{"rendered":"FAQ"},"content":{"rendered":"\t\t<div data-elementor-type=\"wp-page\" data-elementor-id=\"20607\" class=\"elementor elementor-20607\" data-elementor-post-type=\"page\">\n\t\t\t\t\t\t<section class=\"elementor-section elementor-top-section elementor-element elementor-element-d9320c7 elementor-section-boxed elementor-section-height-default elementor-section-height-default\" data-id=\"d9320c7\" data-element_type=\"section\" data-e-type=\"section\">\n\t\t\t\t\t\t<div class=\"elementor-container elementor-column-gap-no\">\n\t\t\t\t\t<div class=\"elementor-column elementor-col-100 elementor-top-column elementor-element elementor-element-2863d9f\" data-id=\"2863d9f\" data-element_type=\"column\" data-e-type=\"column\">\n\t\t\t<div class=\"elementor-widget-wrap elementor-element-populated\">\n\t\t\t\t\t\t<div class=\"elementor-element elementor-element-9377592 elementor-widget elementor-widget-heading\" data-id=\"9377592\" data-element_type=\"widget\" data-e-type=\"widget\" data-widget_type=\"heading.default\">\n\t\t\t\t<div class=\"elementor-widget-container\">\n\t\t\t\t\t<h1 class=\"elementor-heading-title elementor-size-default\">FAQ<\/h1>\t\t\t\t<\/div>\n\t\t\t\t<\/div>\n\t\t\t\t\t<\/div>\n\t\t<\/div>\n\t\t\t\t\t<\/div>\n\t\t<\/section>\n\t\t\t\t<section class=\"elementor-section elementor-top-section elementor-element elementor-element-b62db08 elementor-section-boxed elementor-section-height-default elementor-section-height-default\" data-id=\"b62db08\" data-element_type=\"section\" data-e-type=\"section\">\n\t\t\t\t\t\t<div class=\"elementor-container elementor-column-gap-default\">\n\t\t\t\t\t<div class=\"elementor-column elementor-col-100 elementor-top-column elementor-element elementor-element-b86440d\" data-id=\"b86440d\" data-element_type=\"column\" data-e-type=\"column\">\n\t\t\t<div class=\"elementor-widget-wrap elementor-element-populated\">\n\t\t\t\t\t\t<div class=\"elementor-element elementor-element-0bd5ce6 elementor-widget elementor-widget-toggle\" data-id=\"0bd5ce6\" data-element_type=\"widget\" data-e-type=\"widget\" data-widget_type=\"toggle.default\">\n\t\t\t\t<div class=\"elementor-widget-container\">\n\t\t\t\t\t\t\t<div class=\"elementor-toggle\">\n\t\t\t\t\t\t\t<div class=\"elementor-toggle-item\">\n\t\t\t\t\t<h3 id=\"elementor-tab-title-1241\" class=\"elementor-tab-title\" data-tab=\"1\" role=\"button\" aria-controls=\"elementor-tab-content-1241\" aria-expanded=\"false\">\n\t\t\t\t\t\t\t\t\t\t\t\t<span class=\"elementor-toggle-icon elementor-toggle-icon-right\" aria-hidden=\"true\">\n\t\t\t\t\t\t\t\t\t\t\t\t\t\t\t<span class=\"elementor-toggle-icon-closed\"><i class=\"vamtamtheme- vamtam-theme-arrow-down\"><\/i><\/span>\n\t\t\t\t\t\t\t\t<span class=\"elementor-toggle-icon-opened\"><i class=\"elementor-toggle-icon-opened vamtamtheme- vamtam-theme-arrow-up\"><\/i><\/span>\n\t\t\t\t\t\t\t\t\t\t\t\t\t<\/span>\n\t\t\t\t\t\t\t\t\t\t\t\t<a class=\"elementor-toggle-title\" tabindex=\"0\"> Qu\u2019est-ce que l\u2019IID \u2013 Irobotics Institute of Drone ?<\/a>\n\t\t\t\t\t<\/h3>\n\n\t\t\t\t\t<div id=\"elementor-tab-content-1241\" class=\"elementor-tab-content elementor-clearfix\" data-tab=\"1\" role=\"region\" aria-labelledby=\"elementor-tab-title-1241\"><p>L\u2019IID est un institut sp\u00e9cialis\u00e9 dans la formation aux m\u00e9tiers du drone, \u00e0 la crois\u00e9e des technologies a\u00e9ronautiques, de la g\u00e9omatique et de l\u2019innovation appliqu\u00e9e. Nous pr\u00e9parons les futurs t\u00e9l\u00e9pilotes, techniciens et experts \u00e0 ma\u00eetriser les outils et m\u00e9thodes n\u00e9cessaires dans des secteurs tels que l\u2019agriculture, le BTP, la s\u00e9curit\u00e9, l\u2019environnement, ou encore l\u2019\u00e9nergie.<\/p><\/div>\n\t\t\t\t<\/div>\n\t\t\t\t\t\t\t<div class=\"elementor-toggle-item\">\n\t\t\t\t\t<h3 id=\"elementor-tab-title-1242\" class=\"elementor-tab-title\" data-tab=\"2\" role=\"button\" aria-controls=\"elementor-tab-content-1242\" aria-expanded=\"false\">\n\t\t\t\t\t\t\t\t\t\t\t\t<span class=\"elementor-toggle-icon elementor-toggle-icon-right\" aria-hidden=\"true\">\n\t\t\t\t\t\t\t\t\t\t\t\t\t\t\t<span class=\"elementor-toggle-icon-closed\"><i class=\"vamtamtheme- vamtam-theme-arrow-down\"><\/i><\/span>\n\t\t\t\t\t\t\t\t<span class=\"elementor-toggle-icon-opened\"><i class=\"elementor-toggle-icon-opened vamtamtheme- vamtam-theme-arrow-up\"><\/i><\/span>\n\t\t\t\t\t\t\t\t\t\t\t\t\t<\/span>\n\t\t\t\t\t\t\t\t\t\t\t\t<a class=\"elementor-toggle-title\" tabindex=\"0\"> O\u00f9 est situ\u00e9 l\u2019IID ?<\/a>\n\t\t\t\t\t<\/h3>\n\n\t\t\t\t\t<div id=\"elementor-tab-content-1242\" class=\"elementor-tab-content elementor-clearfix\" data-tab=\"2\" role=\"region\" aria-labelledby=\"elementor-tab-title-1242\"><p>L\u2019IID est bas\u00e9 \u00e0 Abomey-Calavi, au B\u00e9nin, au sein d\u2019un environnement acad\u00e9mique dynamique et connect\u00e9 \u00e0 la Chaire Internationale de Physique Math\u00e9matique et Applications (CIPMA- CHAIRE UNESCO). Nos formations incluent \u00e0 la fois des sessions en pr\u00e9sentiel et des modules en ligne pour les apprenants \u00e0 distance.<\/p><\/div>\n\t\t\t\t<\/div>\n\t\t\t\t\t\t\t<div class=\"elementor-toggle-item\">\n\t\t\t\t\t<h3 id=\"elementor-tab-title-1243\" class=\"elementor-tab-title\" data-tab=\"3\" role=\"button\" aria-controls=\"elementor-tab-content-1243\" aria-expanded=\"false\">\n\t\t\t\t\t\t\t\t\t\t\t\t<span class=\"elementor-toggle-icon elementor-toggle-icon-right\" aria-hidden=\"true\">\n\t\t\t\t\t\t\t\t\t\t\t\t\t\t\t<span class=\"elementor-toggle-icon-closed\"><i class=\"vamtamtheme- vamtam-theme-arrow-down\"><\/i><\/span>\n\t\t\t\t\t\t\t\t<span class=\"elementor-toggle-icon-opened\"><i class=\"elementor-toggle-icon-opened vamtamtheme- vamtam-theme-arrow-up\"><\/i><\/span>\n\t\t\t\t\t\t\t\t\t\t\t\t\t<\/span>\n\t\t\t\t\t\t\t\t\t\t\t\t<a class=\"elementor-toggle-title\" tabindex=\"0\">L\u2019IID est-il accr\u00e9dit\u00e9 ?<\/a>\n\t\t\t\t\t<\/h3>\n\n\t\t\t\t\t<div id=\"elementor-tab-content-1243\" class=\"elementor-tab-content elementor-clearfix\" data-tab=\"3\" role=\"region\" aria-labelledby=\"elementor-tab-title-1243\"><p>Oui. L\u2019IID fonctionne en partenariat avec des institutions reconnues, dont la CIPMA-UNESCO et l\u2019Universit\u00e9 d\u2019Abomey-Calavi. Nos programmes sont encadr\u00e9s par des experts certifi\u00e9s et conformes aux normes internationales en mati\u00e8re de t\u00e9l\u00e9pilotage de drones et de formation professionnelle.<\/p><\/div>\n\t\t\t\t<\/div>\n\t\t\t\t\t\t\t<div class=\"elementor-toggle-item\">\n\t\t\t\t\t<h3 id=\"elementor-tab-title-1244\" class=\"elementor-tab-title\" data-tab=\"4\" role=\"button\" aria-controls=\"elementor-tab-content-1244\" aria-expanded=\"false\">\n\t\t\t\t\t\t\t\t\t\t\t\t<span class=\"elementor-toggle-icon elementor-toggle-icon-right\" aria-hidden=\"true\">\n\t\t\t\t\t\t\t\t\t\t\t\t\t\t\t<span class=\"elementor-toggle-icon-closed\"><i class=\"vamtamtheme- vamtam-theme-arrow-down\"><\/i><\/span>\n\t\t\t\t\t\t\t\t<span class=\"elementor-toggle-icon-opened\"><i class=\"elementor-toggle-icon-opened vamtamtheme- vamtam-theme-arrow-up\"><\/i><\/span>\n\t\t\t\t\t\t\t\t\t\t\t\t\t<\/span>\n\t\t\t\t\t\t\t\t\t\t\t\t<a class=\"elementor-toggle-title\" tabindex=\"0\">Quels types de formations propose l\u2019IID ?<\/a>\n\t\t\t\t\t<\/h3>\n\n\t\t\t\t\t<div id=\"elementor-tab-content-1244\" class=\"elementor-tab-content elementor-clearfix\" data-tab=\"4\" role=\"region\" aria-labelledby=\"elementor-tab-title-1244\"><p data-start=\"1494\" data-end=\"1552\">L\u2019Institut propose deux grandes cat\u00e9gories de formations :<\/p><ul data-start=\"1553\" data-end=\"1866\"><li data-start=\"1553\" data-end=\"1693\"><p data-start=\"1555\" data-end=\"1693\">\ud83d\udee9\ufe0f <strong data-start=\"1559\" data-end=\"1615\">Formations certifiantes et licences professionnelles<\/strong> : T\u00e9l\u00e9pilotage VLOS, T\u00e9l\u00e9pilotage BVLOS, Maintenance et Conception de drones.<\/p><\/li><li data-start=\"1694\" data-end=\"1866\"><p data-start=\"1696\" data-end=\"1866\">\ud83d\udccd <strong data-start=\"1699\" data-end=\"1726\">Sp\u00e9cialisations m\u00e9tiers<\/strong> : Inspection par drone, Photogramm\u00e9trie, Bathym\u00e9trie, Thermographie, T\u00e9l\u00e9d\u00e9tection, Suivi environnemental, Cartographie SIG, G\u00e9oradar, etc.<\/p><\/li><\/ul><p data-start=\"1868\" data-end=\"2002\">Chaque programme est con\u00e7u pour offrir des comp\u00e9tences pratiques, certifiables et directement applicables dans le monde professionnel.<\/p><\/div>\n\t\t\t\t<\/div>\n\t\t\t\t\t\t\t\t<\/div>\n\t\t\t\t\t\t<\/div>\n\t\t\t\t<\/div>\n\t\t\t\t\t<\/div>\n\t\t<\/div>\n\t\t\t\t\t<\/div>\n\t\t<\/section>\n\t\t\t\t<\/div>\n\t\t","protected":false},"excerpt":{"rendered":"<p>FAQ Qu\u2019est-ce que l\u2019IID \u2013 Irobotics Institute of Drone ? L\u2019IID est un institut sp\u00e9cialis\u00e9 dans la formation aux m\u00e9tiers du drone, \u00e0 la crois\u00e9e des technologies a\u00e9ronautiques, de la g\u00e9omatique et de l\u2019innovation appliqu\u00e9e. Nous pr\u00e9parons les futurs t\u00e9l\u00e9pilotes, techniciens et experts \u00e0 ma\u00eetriser les outils et m\u00e9thodes n\u00e9cessaires dans des secteurs tels que&#8230;<\/p>\n","protected":false},"author":1,"featured_media":0,"parent":0,"menu_order":0,"comment_status":"closed","ping_status":"closed","template":"","meta":{"footnotes":""},"class_list":["post-20607","page","type-page","status-publish","hentry"],"yoast_head":"<!-- This site is optimized with the Yoast SEO plugin v27.4 - https:\/\/yoast.com\/product\/yoast-seo-wordpress\/ -->\n<title>FAQ - iRobotics Institute Of Drone<\/title>\n<meta name=\"robots\" content=\"index, follow, max-snippet:-1, max-image-preview:large, max-video-preview:-1\" \/>\n<link rel=\"canonical\" href=\"https:\/\/university-drone.org\/website\/faq\/\" \/>\n<meta property=\"og:locale\" content=\"fr_FR\" \/>\n<meta property=\"og:type\" content=\"article\" \/>\n<meta property=\"og:title\" content=\"FAQ - iRobotics Institute Of Drone\" \/>\n<meta property=\"og:description\" content=\"FAQ Qu\u2019est-ce que l\u2019IID \u2013 Irobotics Institute of Drone ? L\u2019IID est un institut sp\u00e9cialis\u00e9 dans la formation aux m\u00e9tiers du drone, \u00e0 la crois\u00e9e des technologies a\u00e9ronautiques, de la g\u00e9omatique et de l\u2019innovation appliqu\u00e9e. Nous pr\u00e9parons les futurs t\u00e9l\u00e9pilotes, techniciens et experts \u00e0 ma\u00eetriser les outils et m\u00e9thodes n\u00e9cessaires dans des secteurs tels que...\" \/>\n<meta property=\"og:url\" content=\"https:\/\/university-drone.org\/website\/faq\/\" \/>\n<meta property=\"og:site_name\" content=\"iRobotics Institute Of Drone\" \/>\n<meta property=\"article:modified_time\" content=\"2025-06-30T14:01:07+00:00\" \/>\n<meta name=\"twitter:card\" content=\"summary_large_image\" \/>\n<meta name=\"twitter:label1\" content=\"Dur\u00e9e de lecture estim\u00e9e\" \/>\n\t<meta name=\"twitter:data1\" content=\"2 minutes\" \/>\n<script type=\"application\/ld+json\" class=\"yoast-schema-graph\">{\"@context\":\"https:\\\/\\\/schema.org\",\"@graph\":[{\"@type\":\"WebPage\",\"@id\":\"https:\\\/\\\/university-drone.org\\\/website\\\/faq\\\/\",\"url\":\"https:\\\/\\\/university-drone.org\\\/website\\\/faq\\\/\",\"name\":\"FAQ - iRobotics Institute Of Drone\",\"isPartOf\":{\"@id\":\"https:\\\/\\\/university-drone.org\\\/website\\\/#website\"},\"datePublished\":\"2021-01-30T11:33:45+00:00\",\"dateModified\":\"2025-06-30T14:01:07+00:00\",\"breadcrumb\":{\"@id\":\"https:\\\/\\\/university-drone.org\\\/website\\\/faq\\\/#breadcrumb\"},\"inLanguage\":\"fr-FR\",\"potentialAction\":[{\"@type\":\"ReadAction\",\"target\":[\"https:\\\/\\\/university-drone.org\\\/website\\\/faq\\\/\"]}]},{\"@type\":\"BreadcrumbList\",\"@id\":\"https:\\\/\\\/university-drone.org\\\/website\\\/faq\\\/#breadcrumb\",\"itemListElement\":[{\"@type\":\"ListItem\",\"position\":1,\"name\":\"Home\",\"item\":\"https:\\\/\\\/university-drone.org\\\/website\\\/\"},{\"@type\":\"ListItem\",\"position\":2,\"name\":\"FAQ\"}]},{\"@type\":\"WebSite\",\"@id\":\"https:\\\/\\\/university-drone.org\\\/website\\\/#website\",\"url\":\"https:\\\/\\\/university-drone.org\\\/website\\\/\",\"name\":\"iRobotics Institute Of Drone\",\"description\":\"L\u2019excellence dans les airs, la r\u00e9f\u00e9rence sur terre.\",\"publisher\":{\"@id\":\"https:\\\/\\\/university-drone.org\\\/website\\\/#organization\"},\"potentialAction\":[{\"@type\":\"SearchAction\",\"target\":{\"@type\":\"EntryPoint\",\"urlTemplate\":\"https:\\\/\\\/university-drone.org\\\/website\\\/?s={search_term_string}\"},\"query-input\":{\"@type\":\"PropertyValueSpecification\",\"valueRequired\":true,\"valueName\":\"search_term_string\"}}],\"inLanguage\":\"fr-FR\"},{\"@type\":\"Organization\",\"@id\":\"https:\\\/\\\/university-drone.org\\\/website\\\/#organization\",\"name\":\"iRobotics Institute Of Drone\",\"url\":\"https:\\\/\\\/university-drone.org\\\/website\\\/\",\"logo\":{\"@type\":\"ImageObject\",\"inLanguage\":\"fr-FR\",\"@id\":\"https:\\\/\\\/university-drone.org\\\/website\\\/#\\\/schema\\\/logo\\\/image\\\/\",\"url\":\"https:\\\/\\\/university-drone.org\\\/website\\\/wp-content\\\/uploads\\\/2020\\\/02\\\/logo-IID-iRobotics-Institute-of-Drone-2.webp\",\"contentUrl\":\"https:\\\/\\\/university-drone.org\\\/website\\\/wp-content\\\/uploads\\\/2020\\\/02\\\/logo-IID-iRobotics-Institute-of-Drone-2.webp\",\"width\":500,\"height\":500,\"caption\":\"iRobotics Institute Of Drone\"},\"image\":{\"@id\":\"https:\\\/\\\/university-drone.org\\\/website\\\/#\\\/schema\\\/logo\\\/image\\\/\"}}]}<\/script>\n<!-- \/ Yoast SEO plugin. -->","yoast_head_json":{"title":"FAQ - iRobotics Institute Of Drone","robots":{"index":"index","follow":"follow","max-snippet":"max-snippet:-1","max-image-preview":"max-image-preview:large","max-video-preview":"max-video-preview:-1"},"canonical":"https:\/\/university-drone.org\/website\/faq\/","og_locale":"fr_FR","og_type":"article","og_title":"FAQ - iRobotics Institute Of Drone","og_description":"FAQ Qu\u2019est-ce que l\u2019IID \u2013 Irobotics Institute of Drone ? L\u2019IID est un institut sp\u00e9cialis\u00e9 dans la formation aux m\u00e9tiers du drone, \u00e0 la crois\u00e9e des technologies a\u00e9ronautiques, de la g\u00e9omatique et de l\u2019innovation appliqu\u00e9e. Nous pr\u00e9parons les futurs t\u00e9l\u00e9pilotes, techniciens et experts \u00e0 ma\u00eetriser les outils et m\u00e9thodes n\u00e9cessaires dans des secteurs tels que...","og_url":"https:\/\/university-drone.org\/website\/faq\/","og_site_name":"iRobotics Institute Of Drone","article_modified_time":"2025-06-30T14:01:07+00:00","twitter_card":"summary_large_image","twitter_misc":{"Dur\u00e9e de lecture estim\u00e9e":"2 minutes"},"schema":{"@context":"https:\/\/schema.org","@graph":[{"@type":"WebPage","@id":"https:\/\/university-drone.org\/website\/faq\/","url":"https:\/\/university-drone.org\/website\/faq\/","name":"FAQ - iRobotics Institute Of Drone","isPartOf":{"@id":"https:\/\/university-drone.org\/website\/#website"},"datePublished":"2021-01-30T11:33:45+00:00","dateModified":"2025-06-30T14:01:07+00:00","breadcrumb":{"@id":"https:\/\/university-drone.org\/website\/faq\/#breadcrumb"},"inLanguage":"fr-FR","potentialAction":[{"@type":"ReadAction","target":["https:\/\/university-drone.org\/website\/faq\/"]}]},{"@type":"BreadcrumbList","@id":"https:\/\/university-drone.org\/website\/faq\/#breadcrumb","itemListElement":[{"@type":"ListItem","position":1,"name":"Home","item":"https:\/\/university-drone.org\/website\/"},{"@type":"ListItem","position":2,"name":"FAQ"}]},{"@type":"WebSite","@id":"https:\/\/university-drone.org\/website\/#website","url":"https:\/\/university-drone.org\/website\/","name":"iRobotics Institute Of Drone","description":"L\u2019excellence dans les airs, la r\u00e9f\u00e9rence sur terre.","publisher":{"@id":"https:\/\/university-drone.org\/website\/#organization"},"potentialAction":[{"@type":"SearchAction","target":{"@type":"EntryPoint","urlTemplate":"https:\/\/university-drone.org\/website\/?s={search_term_string}"},"query-input":{"@type":"PropertyValueSpecification","valueRequired":true,"valueName":"search_term_string"}}],"inLanguage":"fr-FR"},{"@type":"Organization","@id":"https:\/\/university-drone.org\/website\/#organization","name":"iRobotics Institute Of Drone","url":"https:\/\/university-drone.org\/website\/","logo":{"@type":"ImageObject","inLanguage":"fr-FR","@id":"https:\/\/university-drone.org\/website\/#\/schema\/logo\/image\/","url":"https:\/\/university-drone.org\/website\/wp-content\/uploads\/2020\/02\/logo-IID-iRobotics-Institute-of-Drone-2.webp","contentUrl":"https:\/\/university-drone.org\/website\/wp-content\/uploads\/2020\/02\/logo-IID-iRobotics-Institute-of-Drone-2.webp","width":500,"height":500,"caption":"iRobotics Institute Of Drone"},"image":{"@id":"https:\/\/university-drone.org\/website\/#\/schema\/logo\/image\/"}}]}},"_links":{"self":[{"href":"https:\/\/university-drone.org\/website\/wp-json\/wp\/v2\/pages\/20607","targetHints":{"allow":["GET"]}}],"collection":[{"href":"https:\/\/university-drone.org\/website\/wp-json\/wp\/v2\/pages"}],"about":[{"href":"https:\/\/university-drone.org\/website\/wp-json\/wp\/v2\/types\/page"}],"author":[{"embeddable":true,"href":"https:\/\/university-drone.org\/website\/wp-json\/wp\/v2\/users\/1"}],"replies":[{"embeddable":true,"href":"https:\/\/university-drone.org\/website\/wp-json\/wp\/v2\/comments?post=20607"}],"version-history":[{"count":6,"href":"https:\/\/university-drone.org\/website\/wp-json\/wp\/v2\/pages\/20607\/revisions"}],"predecessor-version":[{"id":990064,"href":"https:\/\/university-drone.org\/website\/wp-json\/wp\/v2\/pages\/20607\/revisions\/990064"}],"wp:attachment":[{"href":"https:\/\/university-drone.org\/website\/wp-json\/wp\/v2\/media?parent=20607"}],"curies":[{"name":"wp","href":"https:\/\/api.w.org\/{rel}","templated":true}]}}