{"id":6429,"date":"2020-11-21T09:58:49","date_gmt":"2020-11-21T09:58:49","guid":{"rendered":"https:\/\/estudiar.vamtam.com\/?page_id=6429"},"modified":"2025-06-30T14:30:04","modified_gmt":"2025-06-30T14:30:04","slug":"schedule-a-tour","status":"publish","type":"page","link":"https:\/\/university-drone.org\/website\/schedule-a-tour\/","title":{"rendered":"Planifier une Visite sur notre Site"},"content":{"rendered":"\t\t<div data-elementor-type=\"wp-page\" data-elementor-id=\"6429\" class=\"elementor elementor-6429\" data-elementor-post-type=\"page\">\n\t\t\t\t\t\t<section class=\"elementor-section elementor-top-section elementor-element elementor-element-7d99d4b elementor-section-height-min-height elementor-section-boxed elementor-section-height-default elementor-section-items-middle\" data-id=\"7d99d4b\" data-element_type=\"section\" data-e-type=\"section\" data-settings=\"{&quot;background_background&quot;:&quot;classic&quot;}\">\n\t\t\t\t\t\t\t<div class=\"elementor-background-overlay\"><\/div>\n\t\t\t\t\t\t\t<div class=\"elementor-container elementor-column-gap-default\">\n\t\t\t\t\t<div class=\"elementor-column elementor-col-100 elementor-top-column elementor-element elementor-element-29296f0\" data-id=\"29296f0\" data-element_type=\"column\" data-e-type=\"column\" data-settings=\"{&quot;background_background&quot;:&quot;classic&quot;}\">\n\t\t\t<div class=\"elementor-widget-wrap\">\n\t\t\t\t\t\t\t<\/div>\n\t\t<\/div>\n\t\t\t\t\t<\/div>\n\t\t<\/section>\n\t\t\t\t<section class=\"elementor-section elementor-top-section elementor-element elementor-element-2764e23 elementor-section-boxed elementor-section-height-default elementor-section-height-default\" data-id=\"2764e23\" data-element_type=\"section\" data-e-type=\"section\">\n\t\t\t\t\t\t<div class=\"elementor-container elementor-column-gap-no\">\n\t\t\t\t\t<div class=\"elementor-column elementor-col-50 elementor-top-column elementor-element elementor-element-026fd66 animated-fast elementor-invisible\" data-id=\"026fd66\" data-element_type=\"column\" data-e-type=\"column\" data-settings=\"{&quot;background_background&quot;:&quot;classic&quot;,&quot;animation&quot;:&quot;fadeIn&quot;,&quot;animation_delay&quot;:100}\">\n\t\t\t<div class=\"elementor-widget-wrap elementor-element-populated\">\n\t\t\t\t\t\t<div class=\"elementor-element elementor-element-b013d39 elementor-widget elementor-widget-text-editor\" data-id=\"b013d39\" data-element_type=\"widget\" data-e-type=\"widget\" data-widget_type=\"text-editor.default\">\n\t\t\t\t<div class=\"elementor-widget-container\">\n\t\t\t\t\t\t\t\t\t<p>Envie de d\u00e9couvrir l\u2019IID de l\u2019int\u00e9rieur ? Nous vous invitons \u00e0 planifier une visite pour explorer notre \u00e9cole, rencontrer notre \u00e9quipe p\u00e9dagogique et en savoir plus sur nos formations.<\/p>\t\t\t\t\t\t\t\t<\/div>\n\t\t\t\t<\/div>\n\t\t\t\t\t<\/div>\n\t\t<\/div>\n\t\t\t\t<div class=\"elementor-column elementor-col-50 elementor-top-column elementor-element elementor-element-c5570e1 elementor-hidden-desktop elementor-hidden-tablet elementor-hidden-phone\" data-id=\"c5570e1\" data-element_type=\"column\" data-e-type=\"column\">\n\t\t\t<div class=\"elementor-widget-wrap\">\n\t\t\t\t\t\t\t<\/div>\n\t\t<\/div>\n\t\t\t\t\t<\/div>\n\t\t<\/section>\n\t\t\t\t<section class=\"elementor-section elementor-top-section elementor-element elementor-element-171f5f9 elementor-section-boxed elementor-section-height-default elementor-section-height-default\" data-id=\"171f5f9\" data-element_type=\"section\" data-e-type=\"section\">\n\t\t\t\t\t\t<div class=\"elementor-container elementor-column-gap-no\">\n\t\t\t\t\t<div class=\"elementor-column elementor-col-100 elementor-top-column elementor-element elementor-element-3bba657\" data-id=\"3bba657\" data-element_type=\"column\" data-e-type=\"column\" data-settings=\"{&quot;animation&quot;:&quot;none&quot;,&quot;animation_tablet&quot;:&quot;none&quot;,&quot;animation_mobile&quot;:&quot;none&quot;,&quot;animation_delay&quot;:200}\">\n\t\t\t<div class=\"elementor-widget-wrap elementor-element-populated\">\n\t\t\t\t\t\t<div class=\"elementor-element elementor-element-dc254fe elementor-button-align-start elementor-widget elementor-widget-form\" data-id=\"dc254fe\" data-element_type=\"widget\" data-e-type=\"widget\" data-settings=\"{&quot;step_next_label&quot;:&quot;Next&quot;,&quot;step_previous_label&quot;:&quot;Previous&quot;,&quot;button_width&quot;:&quot;100&quot;,&quot;step_type&quot;:&quot;number_text&quot;,&quot;step_icon_shape&quot;:&quot;circle&quot;}\" data-widget_type=\"form.default\">\n\t\t\t\t<div class=\"elementor-widget-container\">\n\t\t\t\t\t\t\t<form class=\"elementor-form\" method=\"post\" name=\"New Form\" aria-label=\"New Form\">\n\t\t\t<input type=\"hidden\" name=\"post_id\" value=\"6429\"\/>\n\t\t\t<input type=\"hidden\" name=\"form_id\" value=\"dc254fe\"\/>\n\t\t\t<input type=\"hidden\" name=\"referer_title\" value=\"iRobotics Institute Of Drone\" \/>\n\n\t\t\t\n\t\t\t<div class=\"elementor-form-fields-wrapper elementor-labels-above\">\n\t\t\t\t\t\t\t\t<div class=\"elementor-field-type-text elementor-field-group elementor-column elementor-field-group-name elementor-col-50 elementor-field-required\">\n\t\t\t\t\t\t\t\t\t\t\t\t<label for=\"form-field-name\" class=\"elementor-field-label\">\n\t\t\t\t\t\t\t\tPr\u00e9noms\t\t\t\t\t\t\t<\/label>\n\t\t\t\t\t\t\t\t\t\t\t\t\t\t<input size=\"1\" type=\"text\" name=\"form_fields[name]\" id=\"form-field-name\" class=\"elementor-field elementor-size-lg  elementor-field-textual\" placeholder=\"Entrez le pr\u00e9noms\" required=\"required\">\n\t\t\t\t\t\t\t\t\t\t\t<\/div>\n\t\t\t\t\t\t\t\t<div class=\"elementor-field-type-text elementor-field-group elementor-column elementor-field-group-field_a845e26 elementor-col-50 elementor-field-required\">\n\t\t\t\t\t\t\t\t\t\t\t\t<label for=\"form-field-field_a845e26\" class=\"elementor-field-label\">\n\t\t\t\t\t\t\t\tNom\t\t\t\t\t\t\t<\/label>\n\t\t\t\t\t\t\t\t\t\t\t\t\t\t<input size=\"1\" type=\"text\" name=\"form_fields[field_a845e26]\" id=\"form-field-field_a845e26\" class=\"elementor-field elementor-size-lg  elementor-field-textual\" placeholder=\"Entrez le Nom\" required=\"required\">\n\t\t\t\t\t\t\t\t\t\t\t<\/div>\n\t\t\t\t\t\t\t\t<div class=\"elementor-field-type-text elementor-field-group elementor-column elementor-field-group-field_c97c2de elementor-col-100 elementor-field-required\">\n\t\t\t\t\t\t\t\t\t\t\t\t<label for=\"form-field-field_c97c2de\" class=\"elementor-field-label\">\n\t\t\t\t\t\t\t\tAddresse Email \t\t\t\t\t\t\t<\/label>\n\t\t\t\t\t\t\t\t\t\t\t\t\t\t<input size=\"1\" type=\"text\" name=\"form_fields[field_c97c2de]\" id=\"form-field-field_c97c2de\" class=\"elementor-field elementor-size-lg  elementor-field-textual\" placeholder=\"Entrez l&#039;adresse e-mail \" required=\"required\">\n\t\t\t\t\t\t\t\t\t\t\t<\/div>\n\t\t\t\t\t\t\t\t<div class=\"elementor-field-type-text elementor-field-group elementor-column elementor-field-group-email elementor-col-50 elementor-field-required\">\n\t\t\t\t\t\t\t\t\t\t\t\t<label for=\"form-field-email\" class=\"elementor-field-label\">\n\t\t\t\t\t\t\t\tCode postale\t\t\t\t\t\t\t<\/label>\n\t\t\t\t\t\t\t\t\t\t\t\t\t\t<input size=\"1\" type=\"text\" name=\"form_fields[email]\" id=\"form-field-email\" class=\"elementor-field elementor-size-lg  elementor-field-textual\" placeholder=\"Entrez le code postal\" required=\"required\">\n\t\t\t\t\t\t\t\t\t\t\t<\/div>\n\t\t\t\t\t\t\t\t<div class=\"elementor-field-type-tel elementor-field-group elementor-column elementor-field-group-field_7797031 elementor-col-50 elementor-field-required\">\n\t\t\t\t\t\t\t\t\t\t\t\t<label for=\"form-field-field_7797031\" class=\"elementor-field-label\">\n\t\t\t\t\t\t\t\tNum\u00e9ro de t\u00e9l\u00e9phone\t\t\t\t\t\t\t<\/label>\n\t\t\t\t\t\t\t\t<input size=\"1\" type=\"tel\" name=\"form_fields[field_7797031]\" id=\"form-field-field_7797031\" class=\"elementor-field elementor-size-lg  elementor-field-textual\" placeholder=\"Entrez le num\u00e9ro de t\u00e9l\u00e9phone\" required=\"required\" pattern=\"[0-9()#&amp;+*-=.]+\" title=\"Seuls les caract\u00e8res de num\u00e9ros de t\u00e9l\u00e9phone (#, -, *, etc.) sont accept\u00e9s.\">\n\n\t\t\t\t\t\t<\/div>\n\t\t\t\t\t\t\t\t<div class=\"elementor-field-type-date elementor-field-group elementor-column elementor-field-group-message elementor-col-100 elementor-field-required\">\n\t\t\t\t\t\t\t\t\t\t\t\t<label for=\"form-field-message\" class=\"elementor-field-label\">\n\t\t\t\t\t\t\t\tQuand souhaitez-vous venir ?\t\t\t\t\t\t\t<\/label>\n\t\t\t\t\t\t\n\t\t<input type=\"date\" name=\"form_fields[message]\" id=\"form-field-message\" class=\"elementor-field elementor-size-lg  elementor-field-textual elementor-date-field\" placeholder=\"Choisissez une date disponible\" required=\"required\" pattern=\"[0-9]{4}-[0-9]{2}-[0-9]{2}\">\n\t\t\t\t\t\t<\/div>\n\t\t\t\t\t\t\t\t<div class=\"elementor-field-type-textarea elementor-field-group elementor-column elementor-field-group-field_e4e1e86 elementor-col-100\">\n\t\t\t\t\t\t\t\t\t\t\t\t<label for=\"form-field-field_e4e1e86\" class=\"elementor-field-label\">\n\t\t\t\t\t\t\t\tnformations Compl\u00e9mentaires\t\t\t\t\t\t\t<\/label>\n\t\t\t\t\t\t<textarea class=\"elementor-field-textual elementor-field  elementor-size-lg\" name=\"form_fields[field_e4e1e86]\" id=\"form-field-field_e4e1e86\" rows=\"4\" placeholder=\"Des questions ? Tout ce que vous souhaitez savoir ou demander\"><\/textarea>\t\t\t\t<\/div>\n\t\t\t\t\t\t\t\t<div class=\"elementor-field-type-acceptance elementor-field-group elementor-column elementor-field-group-field_5dd62ae elementor-col-100 elementor-field-required\">\n\t\t\t\t\t\t\t<div class=\"elementor-field-subgroup\">\n\t\t\t<span class=\"elementor-field-option\">\n\t\t\t\t<input type=\"checkbox\" name=\"form_fields[field_5dd62ae]\" id=\"form-field-field_5dd62ae\" class=\"elementor-field elementor-size-lg  elementor-acceptance-field\" required=\"required\">\n\t\t\t\t<label for=\"form-field-field_5dd62ae\">En soumettant ce formulaire, vous acceptez l'avis de confidentialit\u00e9 de l\u2019Irobotics Institute of Drone (IID)<\/label>\t\t\t<\/span>\n\t\t<\/div>\n\t\t\t\t\t\t<\/div>\n\t\t\t\t\t\t\t\t<div class=\"elementor-field-group elementor-column elementor-field-type-submit elementor-col-100 e-form__buttons\">\n\t\t\t\t\t<button class=\"elementor-button elementor-size-sm\" type=\"submit\">\n\t\t\t\t\t\t<span class=\"elementor-button-content-wrapper\">\n\t\t\t\t\t\t\t\t\t\t\t\t\t\t\t<span class=\"elementor-button-icon\">\n\t\t\t\t\t\t\t\t\t<i aria-hidden=\"true\" class=\"vamtamtheme- vamtam-theme-arrow-right\"><\/i>\t\t\t\t\t\t\t\t\t\t\t\t\t\t\t\t\t<\/span>\n\t\t\t\t\t\t\t\t\t\t\t\t\t\t\t\t\t\t\t\t\t\t<span class=\"elementor-button-text\">Soumettre<\/span>\n\t\t\t\t\t\t\t\t\t\t\t\t\t<\/span>\n\t\t\t\t\t<\/button>\n\t\t\t\t<\/div>\n\t\t\t<\/div>\n\t\t<\/form>\n\t\t\t\t\t\t<\/div>\n\t\t\t\t<\/div>\n\t\t\t\t\t<\/div>\n\t\t<\/div>\n\t\t\t\t\t<\/div>\n\t\t<\/section>\n\t\t\t\t<section class=\"elementor-section elementor-top-section elementor-element elementor-element-6b49b94 elementor-section-boxed elementor-section-height-default elementor-section-height-default\" data-id=\"6b49b94\" data-element_type=\"section\" data-e-type=\"section\">\n\t\t\t\t\t\t<div class=\"elementor-container elementor-column-gap-default\">\n\t\t\t\t\t<div class=\"elementor-column elementor-col-100 elementor-top-column elementor-element elementor-element-74dd082\" data-id=\"74dd082\" data-element_type=\"column\" data-e-type=\"column\">\n\t\t\t<div class=\"elementor-widget-wrap elementor-element-populated\">\n\t\t\t\t\t\t<div class=\"elementor-element elementor-element-db9d638 elementor-widget__width-auto animated-fast elementor-invisible elementor-widget elementor-widget-heading\" data-id=\"db9d638\" data-element_type=\"widget\" data-e-type=\"widget\" data-settings=\"{&quot;_animation&quot;:&quot;fadeIn&quot;,&quot;_animation_tablet&quot;:&quot;none&quot;,&quot;_animation_mobile&quot;:&quot;none&quot;,&quot;_animation_delay&quot;:200}\" data-widget_type=\"heading.default\">\n\t\t\t\t<div class=\"elementor-widget-container\">\n\t\t\t\t\t<h1 class=\"elementor-heading-title elementor-size-default\">FORMULAIRE<\/h1>\t\t\t\t<\/div>\n\t\t\t\t<\/div>\n\t\t\t\t\t<\/div>\n\t\t<\/div>\n\t\t\t\t\t<\/div>\n\t\t<\/section>\n\t\t\t\t<section class=\"elementor-section elementor-top-section elementor-element elementor-element-1f77f46 elementor-section-boxed elementor-section-height-default elementor-section-height-default\" data-id=\"1f77f46\" data-element_type=\"section\" data-e-type=\"section\" data-settings=\"{&quot;background_background&quot;:&quot;classic&quot;}\">\n\t\t\t\t\t\t<div class=\"elementor-container elementor-column-gap-default\">\n\t\t\t\t\t<div class=\"elementor-column elementor-col-100 elementor-top-column elementor-element elementor-element-8b46e0a\" data-id=\"8b46e0a\" data-element_type=\"column\" data-e-type=\"column\">\n\t\t\t<div class=\"elementor-widget-wrap elementor-element-populated\">\n\t\t\t\t\t\t<div class=\"elementor-element elementor-element-eb41caf elementor-widget elementor-widget-heading\" data-id=\"eb41caf\" data-element_type=\"widget\" data-e-type=\"widget\" data-widget_type=\"heading.default\">\n\t\t\t\t<div class=\"elementor-widget-container\">\n\t\t\t\t\t<h5 class=\"elementor-heading-title elementor-size-default\">\u00cates-vous pr\u00eat \u00e0 franchir la prochaine \u00e9tape vers votre future carri\u00e8re ?<\/h5>\t\t\t\t<\/div>\n\t\t\t\t<\/div>\n\t\t\t\t<div class=\"elementor-element elementor-element-4799484 elementor-align-center elementor-mobile-align-left elementor-widget elementor-widget-button\" data-id=\"4799484\" data-element_type=\"widget\" data-e-type=\"widget\" data-widget_type=\"button.default\">\n\t\t\t\t<div class=\"elementor-widget-container\">\n\t\t\t\t\t\t\t\t\t<div class=\"elementor-button-wrapper\">\n\t\t\t\t\t<a class=\"elementor-button elementor-button-link elementor-size-sm\" href=\"\/apply-form\/\">\n\t\t\t\t\t\t<span class=\"elementor-button-content-wrapper\">\n\t\t\t\t\t\t<span class=\"elementor-button-icon\">\n\t\t\t\t<i aria-hidden=\"true\" class=\"vamtamtheme- vamtam-theme-arrow-right\"><\/i>\t\t\t<\/span>\n\t\t\t\t\t\t\t\t\t<span class=\"elementor-button-text\">Remplissez le formulaire<\/span>\n\t\t\t\t\t<\/span>\n\t\t\t\t\t<\/a>\n\t\t\t\t<\/div>\n\t\t\t\t\t\t\t\t<\/div>\n\t\t\t\t<\/div>\n\t\t\t\t<div class=\"elementor-element elementor-element-d67b08f elementor-align-right elementor-widget__width-auto elementor-widget elementor-widget-button\" data-id=\"d67b08f\" data-element_type=\"widget\" data-e-type=\"widget\" data-widget_type=\"button.default\">\n\t\t\t\t<div class=\"elementor-widget-container\">\n\t\t\t\t\t\t\t\t\t<div class=\"elementor-button-wrapper\">\n\t\t\t\t\t<a class=\"elementor-button elementor-button-link elementor-size-sm\" href=\"\/request-info\/\">\n\t\t\t\t\t\t<span class=\"elementor-button-content-wrapper\">\n\t\t\t\t\t\t\t\t\t<span class=\"elementor-button-text\">Demande d'info<\/span>\n\t\t\t\t\t<\/span>\n\t\t\t\t\t<\/a>\n\t\t\t\t<\/div>\n\t\t\t\t\t\t\t\t<\/div>\n\t\t\t\t<\/div>\n\t\t\t\t<div class=\"elementor-element elementor-element-f76278c elementor-align-left elementor-widget__width-auto elementor-widget elementor-widget-button\" data-id=\"f76278c\" data-element_type=\"widget\" data-e-type=\"widget\" data-widget_type=\"button.default\">\n\t\t\t\t<div class=\"elementor-widget-container\">\n\t\t\t\t\t\t\t\t\t<div class=\"elementor-button-wrapper\">\n\t\t\t\t\t<a class=\"elementor-button elementor-button-link elementor-size-sm\" href=\"\/schedule-a-tour\/\">\n\t\t\t\t\t\t<span class=\"elementor-button-content-wrapper\">\n\t\t\t\t\t\t\t\t\t<span class=\"elementor-button-text\">visitez l'IID<\/span>\n\t\t\t\t\t<\/span>\n\t\t\t\t\t<\/a>\n\t\t\t\t<\/div>\n\t\t\t\t\t\t\t\t<\/div>\n\t\t\t\t<\/div>\n\t\t\t\t\t<\/div>\n\t\t<\/div>\n\t\t\t\t\t<\/div>\n\t\t<\/section>\n\t\t\t\t<\/div>\n\t\t","protected":false},"excerpt":{"rendered":"<p>Envie de d\u00e9couvrir l\u2019IID de l\u2019int\u00e9rieur ? Nous vous invitons \u00e0 planifier une visite pour explorer notre \u00e9cole, rencontrer notre \u00e9quipe p\u00e9dagogique et en savoir plus sur nos formations. FORMULAIRE \u00cates-vous pr\u00eat \u00e0 franchir la prochaine \u00e9tape vers votre future carri\u00e8re ? Remplissez le formulaire Demande d&rsquo;info visitez l&rsquo;IID<\/p>\n","protected":false},"author":2,"featured_media":0,"parent":0,"menu_order":0,"comment_status":"closed","ping_status":"closed","template":"","meta":{"footnotes":""},"class_list":["post-6429","page","type-page","status-publish","hentry"],"yoast_head":"<!-- This site is optimized with the Yoast SEO plugin v27.4 - https:\/\/yoast.com\/product\/yoast-seo-wordpress\/ -->\n<title>Planifier une Visite sur notre Site - iRobotics Institute Of Drone<\/title>\n<meta name=\"robots\" content=\"index, follow, max-snippet:-1, max-image-preview:large, max-video-preview:-1\" \/>\n<link rel=\"canonical\" href=\"https:\/\/university-drone.org\/website\/schedule-a-tour\/\" \/>\n<meta property=\"og:locale\" content=\"fr_FR\" \/>\n<meta property=\"og:type\" content=\"article\" \/>\n<meta property=\"og:title\" content=\"Planifier une Visite sur notre Site - iRobotics Institute Of Drone\" \/>\n<meta property=\"og:description\" content=\"Envie de d\u00e9couvrir l\u2019IID de l\u2019int\u00e9rieur ? Nous vous invitons \u00e0 planifier une visite pour explorer notre \u00e9cole, rencontrer notre \u00e9quipe p\u00e9dagogique et en savoir plus sur nos formations. FORMULAIRE \u00cates-vous pr\u00eat \u00e0 franchir la prochaine \u00e9tape vers votre future carri\u00e8re ? Remplissez le formulaire Demande d&rsquo;info visitez l&rsquo;IID\" \/>\n<meta property=\"og:url\" content=\"https:\/\/university-drone.org\/website\/schedule-a-tour\/\" \/>\n<meta property=\"og:site_name\" content=\"iRobotics Institute Of Drone\" \/>\n<meta property=\"article:modified_time\" content=\"2025-06-30T14:30:04+00:00\" \/>\n<meta name=\"twitter:card\" content=\"summary_large_image\" \/>\n<meta name=\"twitter:label1\" content=\"Dur\u00e9e de lecture estim\u00e9e\" \/>\n\t<meta name=\"twitter:data1\" content=\"1 minute\" \/>\n<script type=\"application\/ld+json\" class=\"yoast-schema-graph\">{\"@context\":\"https:\\\/\\\/schema.org\",\"@graph\":[{\"@type\":\"WebPage\",\"@id\":\"https:\\\/\\\/university-drone.org\\\/website\\\/schedule-a-tour\\\/\",\"url\":\"https:\\\/\\\/university-drone.org\\\/website\\\/schedule-a-tour\\\/\",\"name\":\"Planifier une Visite sur notre Site - iRobotics Institute Of Drone\",\"isPartOf\":{\"@id\":\"https:\\\/\\\/university-drone.org\\\/website\\\/#website\"},\"datePublished\":\"2020-11-21T09:58:49+00:00\",\"dateModified\":\"2025-06-30T14:30:04+00:00\",\"breadcrumb\":{\"@id\":\"https:\\\/\\\/university-drone.org\\\/website\\\/schedule-a-tour\\\/#breadcrumb\"},\"inLanguage\":\"fr-FR\",\"potentialAction\":[{\"@type\":\"ReadAction\",\"target\":[\"https:\\\/\\\/university-drone.org\\\/website\\\/schedule-a-tour\\\/\"]}]},{\"@type\":\"BreadcrumbList\",\"@id\":\"https:\\\/\\\/university-drone.org\\\/website\\\/schedule-a-tour\\\/#breadcrumb\",\"itemListElement\":[{\"@type\":\"ListItem\",\"position\":1,\"name\":\"Home\",\"item\":\"https:\\\/\\\/university-drone.org\\\/website\\\/\"},{\"@type\":\"ListItem\",\"position\":2,\"name\":\"Planifier une Visite sur notre Site\"}]},{\"@type\":\"WebSite\",\"@id\":\"https:\\\/\\\/university-drone.org\\\/website\\\/#website\",\"url\":\"https:\\\/\\\/university-drone.org\\\/website\\\/\",\"name\":\"iRobotics Institute Of Drone\",\"description\":\"L\u2019excellence dans les airs, la r\u00e9f\u00e9rence sur terre.\",\"publisher\":{\"@id\":\"https:\\\/\\\/university-drone.org\\\/website\\\/#organization\"},\"potentialAction\":[{\"@type\":\"SearchAction\",\"target\":{\"@type\":\"EntryPoint\",\"urlTemplate\":\"https:\\\/\\\/university-drone.org\\\/website\\\/?s={search_term_string}\"},\"query-input\":{\"@type\":\"PropertyValueSpecification\",\"valueRequired\":true,\"valueName\":\"search_term_string\"}}],\"inLanguage\":\"fr-FR\"},{\"@type\":\"Organization\",\"@id\":\"https:\\\/\\\/university-drone.org\\\/website\\\/#organization\",\"name\":\"iRobotics Institute Of Drone\",\"url\":\"https:\\\/\\\/university-drone.org\\\/website\\\/\",\"logo\":{\"@type\":\"ImageObject\",\"inLanguage\":\"fr-FR\",\"@id\":\"https:\\\/\\\/university-drone.org\\\/website\\\/#\\\/schema\\\/logo\\\/image\\\/\",\"url\":\"https:\\\/\\\/university-drone.org\\\/website\\\/wp-content\\\/uploads\\\/2020\\\/02\\\/logo-IID-iRobotics-Institute-of-Drone-2.webp\",\"contentUrl\":\"https:\\\/\\\/university-drone.org\\\/website\\\/wp-content\\\/uploads\\\/2020\\\/02\\\/logo-IID-iRobotics-Institute-of-Drone-2.webp\",\"width\":500,\"height\":500,\"caption\":\"iRobotics Institute Of Drone\"},\"image\":{\"@id\":\"https:\\\/\\\/university-drone.org\\\/website\\\/#\\\/schema\\\/logo\\\/image\\\/\"}}]}<\/script>\n<!-- \/ Yoast SEO plugin. -->","yoast_head_json":{"title":"Planifier une Visite sur notre Site - iRobotics Institute Of Drone","robots":{"index":"index","follow":"follow","max-snippet":"max-snippet:-1","max-image-preview":"max-image-preview:large","max-video-preview":"max-video-preview:-1"},"canonical":"https:\/\/university-drone.org\/website\/schedule-a-tour\/","og_locale":"fr_FR","og_type":"article","og_title":"Planifier une Visite sur notre Site - iRobotics Institute Of Drone","og_description":"Envie de d\u00e9couvrir l\u2019IID de l\u2019int\u00e9rieur ? Nous vous invitons \u00e0 planifier une visite pour explorer notre \u00e9cole, rencontrer notre \u00e9quipe p\u00e9dagogique et en savoir plus sur nos formations. FORMULAIRE \u00cates-vous pr\u00eat \u00e0 franchir la prochaine \u00e9tape vers votre future carri\u00e8re ? Remplissez le formulaire Demande d&rsquo;info visitez l&rsquo;IID","og_url":"https:\/\/university-drone.org\/website\/schedule-a-tour\/","og_site_name":"iRobotics Institute Of Drone","article_modified_time":"2025-06-30T14:30:04+00:00","twitter_card":"summary_large_image","twitter_misc":{"Dur\u00e9e de lecture estim\u00e9e":"1 minute"},"schema":{"@context":"https:\/\/schema.org","@graph":[{"@type":"WebPage","@id":"https:\/\/university-drone.org\/website\/schedule-a-tour\/","url":"https:\/\/university-drone.org\/website\/schedule-a-tour\/","name":"Planifier une Visite sur notre Site - iRobotics Institute Of Drone","isPartOf":{"@id":"https:\/\/university-drone.org\/website\/#website"},"datePublished":"2020-11-21T09:58:49+00:00","dateModified":"2025-06-30T14:30:04+00:00","breadcrumb":{"@id":"https:\/\/university-drone.org\/website\/schedule-a-tour\/#breadcrumb"},"inLanguage":"fr-FR","potentialAction":[{"@type":"ReadAction","target":["https:\/\/university-drone.org\/website\/schedule-a-tour\/"]}]},{"@type":"BreadcrumbList","@id":"https:\/\/university-drone.org\/website\/schedule-a-tour\/#breadcrumb","itemListElement":[{"@type":"ListItem","position":1,"name":"Home","item":"https:\/\/university-drone.org\/website\/"},{"@type":"ListItem","position":2,"name":"Planifier une Visite sur notre Site"}]},{"@type":"WebSite","@id":"https:\/\/university-drone.org\/website\/#website","url":"https:\/\/university-drone.org\/website\/","name":"iRobotics Institute Of Drone","description":"L\u2019excellence dans les airs, la r\u00e9f\u00e9rence sur terre.","publisher":{"@id":"https:\/\/university-drone.org\/website\/#organization"},"potentialAction":[{"@type":"SearchAction","target":{"@type":"EntryPoint","urlTemplate":"https:\/\/university-drone.org\/website\/?s={search_term_string}"},"query-input":{"@type":"PropertyValueSpecification","valueRequired":true,"valueName":"search_term_string"}}],"inLanguage":"fr-FR"},{"@type":"Organization","@id":"https:\/\/university-drone.org\/website\/#organization","name":"iRobotics Institute Of Drone","url":"https:\/\/university-drone.org\/website\/","logo":{"@type":"ImageObject","inLanguage":"fr-FR","@id":"https:\/\/university-drone.org\/website\/#\/schema\/logo\/image\/","url":"https:\/\/university-drone.org\/website\/wp-content\/uploads\/2020\/02\/logo-IID-iRobotics-Institute-of-Drone-2.webp","contentUrl":"https:\/\/university-drone.org\/website\/wp-content\/uploads\/2020\/02\/logo-IID-iRobotics-Institute-of-Drone-2.webp","width":500,"height":500,"caption":"iRobotics Institute Of Drone"},"image":{"@id":"https:\/\/university-drone.org\/website\/#\/schema\/logo\/image\/"}}]}},"_links":{"self":[{"href":"https:\/\/university-drone.org\/website\/wp-json\/wp\/v2\/pages\/6429","targetHints":{"allow":["GET"]}}],"collection":[{"href":"https:\/\/university-drone.org\/website\/wp-json\/wp\/v2\/pages"}],"about":[{"href":"https:\/\/university-drone.org\/website\/wp-json\/wp\/v2\/types\/page"}],"author":[{"embeddable":true,"href":"https:\/\/university-drone.org\/website\/wp-json\/wp\/v2\/users\/2"}],"replies":[{"embeddable":true,"href":"https:\/\/university-drone.org\/website\/wp-json\/wp\/v2\/comments?post=6429"}],"version-history":[{"count":32,"href":"https:\/\/university-drone.org\/website\/wp-json\/wp\/v2\/pages\/6429\/revisions"}],"predecessor-version":[{"id":990070,"href":"https:\/\/university-drone.org\/website\/wp-json\/wp\/v2\/pages\/6429\/revisions\/990070"}],"wp:attachment":[{"href":"https:\/\/university-drone.org\/website\/wp-json\/wp\/v2\/media?parent=6429"}],"curies":[{"name":"wp","href":"https:\/\/api.w.org\/{rel}","templated":true}]}}